{"id":1277,"date":"2024-07-08T04:37:45","date_gmt":"2024-07-08T04:37:45","guid":{"rendered":"https:\/\/wordpress.themeholy.com\/tourm\/?page_id=1277"},"modified":"2024-09-19T02:15:34","modified_gmt":"2024-09-19T02:15:34","slug":"about-us","status":"publish","type":"page","link":"https:\/\/tour.vivavivu.com\/vi\/about-us\/","title":{"rendered":"About Us"},"content":{"rendered":"\t\t<div data-elementor-type=\"wp-page\" data-elementor-id=\"1277\" class=\"elementor elementor-1277\">\n\t\t\t\t\n<div class=\"elementor-element elementor-element-58ec4f0 e-con-full e-flex e-con e-parent\" data-id=\"58ec4f0\" data-element_type=\"container\">\n\t\t\t\t<div class=\"elementor-element elementor-element-01912ee elementor-widget elementor-widget-html\" data-id=\"01912ee\" data-element_type=\"widget\" data-widget_type=\"html.default\">\n\t\t\t\t<div class=\"elementor-widget-container\">\n\t\t\t\t\t<style>\r\n    #content h2 {\r\n        font-size: 32px;\r\n        font-weight: 800;\r\n    }\r\n    \r\n    #content h3 {\r\n        font-size: 24px;\r\n        margin: 30px 0 10px 0;\r\n        font-weight: 700;\r\n    }\r\n    \r\n    #content p {\r\n        line-height: 1.5\r\n    }\r\n    \r\n    #content a:active,\r\n    #content a:visited,\r\n    #content a:hover {\r\n        text-decoration: none !important\r\n    }\r\n    \r\n    .displayxs {\r\n        display: none\r\n    }\r\n    \r\n    .hiddenxs {\r\n        display: inherit\r\n    }\r\n    \r\n    #content h2,\r\n    #content h3 {\r\n        padding: 0\r\n    }\r\n    \r\n    .destbtn {\r\n        background-color: #8ab93f;\r\n        color: #ffffff;\r\n        width: -webkit-fit-content;\r\n        width: -moz-fit-content;\r\n        width: fit-content;\r\n        padding: 20px 28px;\r\n        letter-spacing: 1px;\r\n        margin: 10px 0 60px 0;\r\n        font-weight: 700;\r\n        -webkit-transition: .2s;\r\n        -o-transition: .2s;\r\n        transition: .2s;\r\n        -webkit-transition: 0.2s ease-out;\r\n        -o-transition: 0.2s ease-out;\r\n        transition: 0.2s ease-out;\r\n        line-height: 1.2;\r\n    }\r\n    \r\n    .destbtn:hover {\r\n        background-color: #719F29;\r\n        color: #ffffff;\r\n        -webkit-transition: .2s;\r\n        -o-transition: .2s;\r\n        transition: .2s;\r\n        -webkit-transform: translate(-5px, -5px);\r\n        -ms-transform: translate(-5px, -5px);\r\n        transform: translate(-5px, -5px);\r\n        -webkit-transition: 0.2s ease-out;\r\n        -o-transition: 0.2s ease-out;\r\n        transition: 0.2s ease-out;\r\n    }\r\n    \r\n    .btn1830:hover {\r\n        background-color: #f0609e;\r\n        color: #ffffff\r\n    }\r\n    \r\n    @media (min-width: 1200px) {\r\n        .container, .navbar-static-top .container, .navbar-fixed-top .container, .navbar-fixed-bottom .container {\r\n            width: 100vw;\r\n        }\r\n    }\r\n    \r\n    @media (max-width: 979px) {\r\n        .destbtn {\r\n            padding: 20px 20px;\r\n            margin: 10px 0 30px 0;\r\n        }\r\n    }\r\n    \r\n    @media (max-width: 767px) {\r\n        .displayxs {\r\n            display: inherit\r\n        }\r\n        #content h2 {\r\n            font-size: 26px;\r\n        }\r\n        #content h3 {\r\n            font-size: 1.6em;\r\n        }\r\n        #content h4 {\r\n            padding: 0;\r\n            font-size: 1.2em\r\n        }\r\n        .hiddenxs {\r\n            display: none\r\n        }\r\n    }\r\n    \/* header section *\/\r\n    \r\n    #leadercontent-14471 {\r\n        margin-top: 0\r\n    }\r\n    \r\n    .aboutheader {\r\n        background-image: url(https:\/\/media.gadventures.com\/media-server\/dynamic\/admin\/content_pages\/about2020header2.jpg);\r\n        background-size: cover;\r\n        background-repeat: no-repeat;\r\n        background-position: center;\r\n        margin-top: -14px;\r\n        padding: 400px 80px 20px 80px;\r\n    }\r\n    \r\n    .aboutheader h1 {\r\n        color: #ffffff;\r\n        font-size: 4em;\r\n        text-transform: none;\r\n        position: relative;\r\n    }\r\n    \r\n    .shadowlayer {\r\n        position: absolute;\r\n        top: 0;\r\n        bottom: 7px;\r\n        left: 0;\r\n        right: 0;\r\n        background-image: -webkit-gradient(linear, left top, left bottom, color-stop(50%, rgba(0, 0, 0, 0)), color-stop(80%, rgba(0, 0, 0, .4)));\r\n        background-image: -o-linear-gradient(top, rgba(0, 0, 0, 0) 50%, rgba(0, 0, 0, .4) 80%);\r\n        background-image: linear-gradient(-180deg, rgba(0, 0, 0, 0) 50%, rgba(0, 0, 0, .4) 80%);\r\n    }\r\n    \r\n    @media (min-width: 1499px) {\r\n        .aboutheader {\r\n            padding: 400px 120px 20px 120px;\r\n        }\r\n    }\r\n    \r\n    @media (max-width: 1199px) {\r\n        .aboutheader {\r\n            padding: 400px 40px 20px 40px;\r\n        }\r\n    }\r\n    \r\n    @media (max-width: 979px) {\r\n        .aboutheader {\r\n            padding: 400px 24px 20px 24px;\r\n        }\r\n    }\r\n    \r\n    @media (max-width: 767px) {\r\n        .aboutheader {\r\n            padding: 120px 15px 120px 15px;\r\n            background-position: left;\r\n        }\r\n        .shadowlayer {\r\n            background-image: -webkit-gradient(linear, left top, left bottom, from(rgba(0, 0, 0, 0)), color-stop(50%, rgba(0, 0, 0, .5)), color-stop(80%, rgba(0, 0, 0, .1)));\r\n            background-image: -o-linear-gradient(top, rgba(0, 0, 0, 0) 0%, rgba(0, 0, 0, .5) 50%, rgba(0, 0, 0, .1) 80%);\r\n            background-image: linear-gradient(-180deg, rgba(0, 0, 0, 0) 0%, rgba(0, 0, 0, .5) 50%, rgba(0, 0, 0, .1) 80%);\r\n        }\r\n    }\r\n    \/* intro section *\/\r\n    \r\n    .aboutintro {\r\n        margin: 40px 80px;\r\n    }\r\n    \r\n    .aboutintro p {\r\n        -webkit-columns: 2 150px;\r\n        -moz-columns: 2 150px;\r\n        columns: 2 150px;\r\n        -webkit-column-gap: 40px;\r\n        -moz-column-gap: 40px;\r\n        column-gap: 40px;\r\n        font-size: 15px;\r\n    }\r\n    \r\n    @media (min-width: 1499px) {\r\n        .aboutintro {\r\n            margin: 40px 120px;\r\n        }\r\n        .aboutintro p {\r\n            -webkit-columns: 3 150px;\r\n            -moz-columns: 3 150px;\r\n            columns: 3 150px;\r\n        }\r\n    }\r\n    \r\n    @media (max-width: 1199px) {\r\n        .aboutintro {\r\n            margin: 40px 40px;\r\n        }\r\n    }\r\n    \r\n    @media (max-width: 979px) {\r\n        .aboutintro {\r\n            margin: 0 24px;\r\n        }\r\n    }\r\n    \r\n    @media (max-width: 767px) {\r\n        .aboutintro {\r\n            margin: 0 15px;\r\n        }\r\n        .aboutintro p {\r\n            -webkit-columns: 1;\r\n            -moz-columns: 1;\r\n            columns: 1;\r\n        }\r\n    }\r\n    \/* main grid section *\/\r\n    \r\n    .aboutmaingrid {\r\n        display: -ms-grid;\r\n        display: grid;\r\n        -ms-grid-columns: 1fr 40px 1fr;\r\n        grid-template-columns: repeat(2, 1fr);\r\n        grid-gap: 40px;\r\n        margin: 20px 80px;\r\n        grid-row-gap: 90px;\r\n    }\r\n    \r\n    .maingrid p {\r\n        margin-bottom: 56px;\r\n    }\r\n    \r\n    .ul2col {\r\n        display: -ms-grid;\r\n        display: grid;\r\n        -ms-grid-columns: 45% auto;\r\n        grid-template-columns: 45% auto;\r\n        margin: -40px 0 40px 0;\r\n    }\r\n    \r\n    .ul2col ul {\r\n        list-style-image: url(https:\/\/media.gadventures.com\/media-server\/dynamic\/admin\/content_pages\/about2020check3.jpg);\r\n        padding-left: 5px;\r\n    }\r\n    \r\n    .ul2col ul li {\r\n        margin-bottom: 0;\r\n        line-height: 1;\r\n    }\r\n    \r\n    .ul2col a {\r\n        color: #4c4f56;\r\n        text-decoration: underline !important;\r\n    }\r\n    \r\n    @media (min-width: 1499px) {\r\n        .aboutmaingrid {\r\n            margin: 20px 120px;\r\n        }\r\n    }\r\n    \r\n    @media (max-width: 1199px) {\r\n        .aboutmaingrid {\r\n            margin: 20px 40px;\r\n        }\r\n    }\r\n    \r\n    @media (max-width: 979px) {\r\n        .aboutmaingrid {\r\n            margin: 20px 24px;\r\n        }\r\n    }\r\n    \r\n    @media (max-width: 767px) {\r\n        .aboutmaingrid {\r\n            margin: 20px 15px;\r\n            display: inherit;\r\n        }\r\n        .maingrid {\r\n            margin-bottom: 60px;\r\n        }\r\n        .ul2col {\r\n            display: inherit\r\n        }\r\n        .ul2col ul {\r\n            margin-bottom: 0;\r\n        }\r\n    }\r\n    \r\n    div#breadcrumbs {\r\n        display: none;\r\n    }\r\n\r\n<\/style>\r\n<div id=\"content\">\r\n\r\n\r\n    <div class=\"page-position section-navigation clearfix\" data-position=\"section-navigation\">\r\n\r\n    <\/div>\r\n\r\n\r\n\r\n    <div id=\"content-head\">\r\n\r\n\r\n\r\n        <div class=\"page-position content-top clearfix\" data-position=\"content-top\">\r\n\r\n            <div class=\"leadercontent None clearfix\" id=\"leadercontent-14471\">\r\n                <div class=\"text\">\r\n                    <div class=\"aboutheader\">\r\n                        <h1>About our community<\/h1>\r\n                    <\/div>\r\n                <\/div>\r\n            <\/div>\r\n\r\n\r\n        <\/div>\r\n\r\n\r\n    <\/div>\r\n\r\n\r\n\r\n    <div class=\"page-position subsection-navigation clearfix\" data-position=\"subsection-navigation\">\r\n\r\n    <\/div>\r\n\r\n\r\n\r\n\r\n    <div class=\"page-position content-main clearfix\" data-position=\"content-main\">\r\n\r\n        <div class=\"leadercontent None clearfix\" id=\"leadercontent-14473\">\r\n            <div class=\"text\">\r\n                <div class=\"aboutintro\">\r\n                    <p>Ch\u00e0o m\u1eebng \u0111\u1ebfn v\u1edbi Vivavivu.com - Nh\u00e0 b\u00e1n l\u1ebb d\u1ecbch v\u1ee5 h\u00e0ng kh\u00f4ng th\u01b0\u01a1ng m\u1ea1i - kh\u00e1ch s\u1ea1n - tour du l\u1ecbch v\u1edbi gi\u00e1 t\u1ed1t nh\u1ea5t! M\u1ed9t th\u00e0nh vi\u00ean thu\u1ed9c East Sea Group. Tour.vivavivu.com cung c\u1ea5p c\u00e1c tour du l\u1ecbch phong ph\u00fa t\u1eeb c\u00e1c tour trong n\u01b0\u1edbc \u0111\u1ebfn c\u00e1c tour qu\u1ed1c t\u1ebf, t\u1eeb kh\u00e1m ph\u00e1 v\u0103n h\u00f3a, ngh\u1ec9 d\u01b0\u1ee1ng, phi\u00eau l\u01b0u, du l\u1ecbch gia \u0111\u00ecnh, v\u00e0 tour nh\u00f3m, \u0111\u00e1p \u1ee9ng nhu c\u1ea7u c\u1ee7a nhi\u1ec1u \u0111\u1ed1i t\u01b0\u1ee3ng kh\u00e1ch h\u00e0ng kh\u00e1c nhau.\r\n    <br>\r\n    <br>ESG (www.eastseagroup.com), ti\u1ec1n th\u00e2n l\u00e0 Eastsea Travel & Air service, \u0111\u01b0\u1ee3c th\u00e0nh l\u1eadp t\u1eeb n\u0103m 1995 t\u1ea1i C\u1ed9ng ho\u00e0 S\u00e9c. \u0110\u1ebfn nay, C\u00f4ng ty \u0111\u00e3 ph\u00e1t tri\u1ec3n ra s\u00e1u n\u01b0\u1edbc t\u1ea1i Ch\u00e2u \u00c2u (Anh, Balan, \u0110\u1ee9c, Ph\u00e1p, S\u00e9c v\u00e0 Slovakia) v\u00e0 ba n\u01b0\u1edbc t\u1ea1i khu v\u1ef1c \u0110\u00f4ng D\u01b0\u01a1ng (Vi\u1ec7t Nam, L\u00e0o v\u00e0 Cambodia). Ngo\u00e0i l\u0129nh v\u1ef1c \u0111\u1ea1i l\u00fd v\u00e9 m\u00e1y bay, ESG c\u00f2n \u0111ang l\u00e0 \u0111\u1ea1i di\u1ec7n cho m\u1ed9t s\u1ed1 h\u00e3ng h\u00e0ng kh\u00f4ng, \u0111\u1ea1i \u0111i\u1ec7n cho t\u1eadp \u0111o\u00e0n Travelport t\u1ea1i Vi\u1ec7t Nam, L\u00e0o, Cambodia v\u00e0 l\u00e0 ch\u1ee7 \u0111\u1ea7u t\u01b0 c\u1ee7a m\u1ed9t s\u1ed1 khu kh\u00e1ch s\u1ea1n, resort ngh\u1ec9 d\u01b0\u1ee1ng \u1edf nh\u1eefng b\u1edd bi\u1ec3n \u0111\u1eb9p nh\u1ea5t Vi\u1ec7t Nam.\r\n    <br>\r\n    <br>Ngay t\u1eeb n\u0103m 2012, ESG \u0111\u00e3 c\u00f3 nh\u1eefng b\u01b0\u1edbc \u0111\u1ea7u t\u01b0 th\u1eed nghi\u1ec7m v\u00e0o l\u0129nh v\u1ef1c b\u00e1n v\u00e9 m\u00e1y bay tr\u1ef1c tuy\u1ebfn. Sau h\u01a1n ba n\u0103m t\u00edch l\u0169y kinh nghi\u1ec7m, th\u00e1ng 8\/2015, ESG \u0111\u01b0a trang web www.vivavivu.com v\u00e0o ph\u1ee5c v\u1ee5 kh\u00e1ch h\u00e0ng.\r\n<\/p>\r\n\r\n                <\/div>\r\n            <\/div>\r\n        <\/div>\r\n\r\n\r\n\r\n        <!--<div class=\"leadercontent None clearfix\" id=\"leadercontent-14474\">-->\r\n        <!--    <div class=\"text\">-->\r\n        <!--        <div class=\"aboutmaingrid\">-->\r\n        <!--            <div class=\"maingrid grid1\"><img decoding=\"async\" src=\"https:\/\/media.gadventures.com\/media-server\/dynamic\/admin\/content_pages\/aboutg1.jpg\">-->\r\n        <!--                <h3>About Bruce Poon Tip<\/h3>-->\r\n        <!--                <p>How did it all start? With a very inspired and driven young man named Bruce Poon Tip. (He didn\u2019t tell us to write that, we swear.) Back in 1990, there were only two ways to see the world: on a big tour or with a single backpack. As a traveller himself, Bruce realized there had to be a better way. So with nothing more than two maxed out credit cards and a burning desire to create an authentic and sustainable travel experience, he founded G&nbsp;Adventures. What started out as one man\u2019s vision has grown into a social enterprise with more than 2,200 employees in 28 offices worldwide, all working to continue growing the benefits of community tourism.<\/p><a href=\"\/about-us\/bruce-poon-tip\/\" class=\"destbtn\">Learn more<\/a>-->\r\n        <!--            <\/div>-->\r\n        <!--            <div class=\"maingrid grid2\"><img decoding=\"async\" src=\"https:\/\/media.gadventures.com\/media-server\/dynamic\/admin\/content_pages\/aboutg2.jpg\">-->\r\n        <!--                <h3>G for Good<\/h3>-->\r\n        <!--                <p>We have always believed travel can be a force for good. G for Good represents our company-wide commitment to that belief all over the world. When you travel with us, you see this commitment is more than just words on our website \u2014 it\u2019s in everything we do. This includes projects developed by our non-profit partner the Planeterra Foundation, industry firsts like our Ripple Score and welfare guidelines, the initiation of our Plastics Partnership Project, and so much more. G for Good is our effort to preserve and conserve our world as the beautiful, lively, strange, and surprising place we all want to see.<\/p><a href=\"\/about-us\/responsible-travel\/\" class=\"destbtn\">Learn more<\/a>-->\r\n        <!--            <\/div>-->\r\n        <!--            <div class=\"maingrid grid3\"><img decoding=\"async\" src=\"https:\/\/media.gadventures.com\/media-server\/dynamic\/admin\/content_pages\/aboutg31.jpg\">-->\r\n        <!--                <h3>Why Choose G&nbsp;Adventures?<\/h3>-->\r\n        <!--                <p>Our founder Bruce Poon Tip emptied his bank account to start our company. So we never take your choice to spend your hard-earned money with us for granted. Our award-winning trips embrace our broader definition of community tourism to put travellers like you on a first-name basis with the planet\u2019s people, cultures, landscapes and wildlife. Here are just a few of the things we offer:<\/p>-->\r\n        <!--                <div class=\"ul2col\">-->\r\n        <!--                    <ul>-->\r\n        <!--                        <li>100% Guaranteed Departures<\/li>-->\r\n        <!--                        <li>Our CEOs (Chief Experience Officers)<\/li>-->\r\n        <!--                    <\/ul>-->\r\n        <!--                    <ul>-->\r\n        <!--                        <li><a href=\"\/about-us\/lifetime-deposits\/\">Lifetime Deposits<\/a>-->\r\n        <!--                        <\/li>-->\r\n        <!--                        <li><a href=\"\/about-us\/awards\/\">Countless awards and industry honours<\/a>-->\r\n        <!--                        <\/li>-->\r\n        <!--                    <\/ul>-->\r\n        <!--                <\/div><a href=\"\/about-us\/why-travel-with-gadventures\/\" class=\"destbtn\">Learn more<\/a>-->\r\n        <!--            <\/div>-->\r\n        <!--            <div class=\"maingrid grid4\"><img decoding=\"async\" src=\"https:\/\/media.gadventures.com\/media-server\/dynamic\/admin\/content_pages\/aboutg4.jpg\">-->\r\n        <!--                <h3>Our core values<\/h3>-->\r\n        <!--                <p>Core values? Yup, we\u2019ve got \u2018em. And we live by them every single day. If you\u2019ve ever interacted with someone who works at G&nbsp;Adventures, you\u2019ve met with someone who strives to embody our values and welcome you into our community.<\/p><a href=\"\/about-us\/core-values\/\" class=\"destbtn\">Learn more<\/a>-->\r\n        <!--            <\/div>-->\r\n        <!--            <div class=\"maingrid grid4\"><img decoding=\"async\" src=\"https:\/\/media.gadventures.com\/media-server\/dynamic\/admin\/content_pages\/aboutg6.jpg\">-->\r\n        <!--                <h3>LGBTQ+ inclusivity at G Adventures<\/h3>-->\r\n        <!--                <p>Our team around the world deeply values diversity, inclusivity, and the power of community. Every traveller deserves to feel valued and to be their authentic selves on their journey with us. See all of the ways we wholeheartedly embrace and support the LGBTQ+ community on tour, in our culture, and around the world.<\/p><a href=\"\/about-us\/lgbtq-travel\/\" class=\"destbtn\">Learn more<\/a>-->\r\n        <!--            <\/div>-->\r\n                    <!-- div class=\"maingrid grid5\"><img decoding=\"async\" src=\"https:\/\/media.gadventures.com\/media-server\/dynamic\/admin\/content_pages\/aboutg5.jpg\"><h3>Improving diversity at G Adventures<\/h3><p>Racism and discrimination have no place in our global community. We are committed to greater inclusion and representation of Black, Indigenous, and People of Colour (BIPOC) communities throughout all of our operations. See our list of ongoing commitments and how we specifically plan to improve and create positive impact for all.<\/p><a href=\"\/about-us\/diversity-inclusion-commitments\/\" class=\"destbtn\">Learn more<\/a><\/div -->\r\n        <!--        <\/div>-->\r\n        <!--    <\/div>-->\r\n        <!--<\/div>-->\r\n\r\n\r\n    <\/div>\r\n\r\n\r\n\r\n\r\n\r\n    <div class=\"page-position content-bottom clearfix\" data-position=\"content-bottom\">\r\n\r\n    <\/div>\r\n\r\n\r\n<\/div>\r\n\t\t\t\t<\/div>\n\t\t\t\t<\/div>\n\t\t\t\t<\/div>\n\t\t\t\t<\/div>\n\t\t","protected":false},"excerpt":{"rendered":"<p>About our community Ch\u00e0o m\u1eebng \u0111\u1ebfn v\u1edbi Vivavivu.com &#8211; Nh\u00e0 b\u00e1n l\u1ebb d\u1ecbch v\u1ee5 h\u00e0ng kh\u00f4ng th\u01b0\u01a1ng m\u1ea1i &#8211; kh\u00e1ch s\u1ea1n &#8211; tour du l\u1ecbch v\u1edbi gi\u00e1 t\u1ed1t nh\u1ea5t! M\u1ed9t th\u00e0nh vi\u00ean thu\u1ed9c East Sea Group. Tour.vivavivu.com cung c\u1ea5p c\u00e1c tour du l\u1ecbch phong ph\u00fa t\u1eeb c\u00e1c tour trong n\u01b0\u1edbc \u0111\u1ebfn c\u00e1c tour qu\u1ed1c t\u1ebf,&#8230;<\/p>\n","protected":false},"author":1,"featured_media":0,"parent":0,"menu_order":0,"comment_status":"closed","ping_status":"closed","template":"","meta":{"_monsterinsights_skip_tracking":false,"_monsterinsights_sitenote_active":false,"_monsterinsights_sitenote_note":"","_monsterinsights_sitenote_category":0,"footnotes":""},"class_list":["post-1277","page","type-page","status-publish","hentry"],"aioseo_notices":[],"_links":{"self":[{"href":"https:\/\/tour.vivavivu.com\/vi\/wp-json\/wp\/v2\/pages\/1277","targetHints":{"allow":["GET"]}}],"collection":[{"href":"https:\/\/tour.vivavivu.com\/vi\/wp-json\/wp\/v2\/pages"}],"about":[{"href":"https:\/\/tour.vivavivu.com\/vi\/wp-json\/wp\/v2\/types\/page"}],"author":[{"embeddable":true,"href":"https:\/\/tour.vivavivu.com\/vi\/wp-json\/wp\/v2\/users\/1"}],"replies":[{"embeddable":true,"href":"https:\/\/tour.vivavivu.com\/vi\/wp-json\/wp\/v2\/comments?post=1277"}],"version-history":[{"count":17,"href":"https:\/\/tour.vivavivu.com\/vi\/wp-json\/wp\/v2\/pages\/1277\/revisions"}],"predecessor-version":[{"id":4245,"href":"https:\/\/tour.vivavivu.com\/vi\/wp-json\/wp\/v2\/pages\/1277\/revisions\/4245"}],"wp:attachment":[{"href":"https:\/\/tour.vivavivu.com\/vi\/wp-json\/wp\/v2\/media?parent=1277"}],"curies":[{"name":"wp","href":"https:\/\/api.w.org\/{rel}","templated":true}]}}